{"id":2,"date":"2009-02-28T23:51:54","date_gmt":"2009-02-28T22:51:54","guid":{"rendered":""},"modified":"2009-03-01T01:10:51","modified_gmt":"2009-03-01T00:10:51","slug":"om-meg","status":"publish","type":"page","link":"http:\/\/milien.blondie.no\/?page_id=2","title":{"rendered":"Om meg"},"content":{"rendered":"<script type=\"text\/javascript\"><!--\r\ngoogle_ad_client = \"ca-pub-6441968085281526\";\r\n\/* Annonser p\u00e5 gamle blogger liten *\/\r\ngoogle_ad_slot = \"5387826424\";\r\ngoogle_ad_width = 468;\r\ngoogle_ad_height = 60;\r\n\/\/-->\r\n<\/script>\r\n<script type=\"text\/javascript\"\r\nsrc=\"http:\/\/pagead2.googlesyndication.com\/pagead\/show_ads.js\">\r\n<\/script><p>Jeg er en 17 \u00e5r gammel jente som g\u00e5r andre \u00e5ret p\u00e5 videreg\u00e5ende. Gleder meg alltid veldig til helg! P\u00e5 fritiden g\u00e5r jeg i kor og henger med venner. Jeg er en blondine som ofte kommer med &laquo;gullkorn&raquo; og lure kommentarer.<\/p>\n","protected":false},"excerpt":{"rendered":"<p>Jeg er en 17 \u00e5r gammel jente som g\u00e5r andre \u00e5ret p\u00e5 videreg\u00e5ende. Gleder meg alltid veldig til helg! P\u00e5 fritiden g\u00e5r jeg i kor og henger med venner. Jeg er en blondine som ofte kommer med &laquo;gullkorn&raquo; og lure kommentarer.<\/p>\n","protected":false},"author":137,"featured_media":0,"parent":0,"menu_order":0,"comment_status":"open","ping_status":"open","template":"","meta":[],"_links":{"self":[{"href":"http:\/\/milien.blondie.no\/index.php?rest_route=\/wp\/v2\/pages\/2"}],"collection":[{"href":"http:\/\/milien.blondie.no\/index.php?rest_route=\/wp\/v2\/pages"}],"about":[{"href":"http:\/\/milien.blondie.no\/index.php?rest_route=\/wp\/v2\/types\/page"}],"author":[{"embeddable":true,"href":"http:\/\/milien.blondie.no\/index.php?rest_route=\/wp\/v2\/users\/137"}],"replies":[{"embeddable":true,"href":"http:\/\/milien.blondie.no\/index.php?rest_route=%2Fwp%2Fv2%2Fcomments&post=2"}],"version-history":[{"count":4,"href":"http:\/\/milien.blondie.no\/index.php?rest_route=\/wp\/v2\/pages\/2\/revisions"}],"predecessor-version":[{"id":3,"href":"http:\/\/milien.blondie.no\/index.php?rest_route=\/wp\/v2\/pages\/2\/revisions\/3"}],"wp:attachment":[{"href":"http:\/\/milien.blondie.no\/index.php?rest_route=%2Fwp%2Fv2%2Fmedia&parent=2"}],"curies":[{"name":"wp","href":"https:\/\/api.w.org\/{rel}","templated":true}]}}